{"id":18,"date":"2025-02-06T15:19:16","date_gmt":"2025-02-06T14:19:16","guid":{"rendered":"https:\/\/miroirmiroir.studio\/?page_id=18"},"modified":"2025-02-06T15:56:56","modified_gmt":"2025-02-06T14:56:56","slug":"miroir-miroir","status":"publish","type":"page","link":"https:\/\/miroirmiroir.studio\/index.php\/miroir-miroir\/","title":{"rendered":"miroir.miroir"},"content":{"rendered":"\n<p>Comme pour Alice, le miroir est la porte d\u2019entr\u00e9e vers la r\u00e9alisation d\u2019un r\u00eave ou d\u2019une id\u00e9e.<\/p>\n\n\n\n<p>Studio fond\u00e9 \u00e0 Paris en 2025, <em>miroir.miroir<\/em> \u00e9voque une r\u00e9flexion entre deux univers: le virtuel et le r\u00e9el.<br>Un aller-retour entre l\u2019architecte\/le designer et son concept ayant pour but de l\u2019amener d\u2019un espace \u00e0 l\u2019autre, et finalement, le rendre tangible \u00e0 son ach\u00e8vement.<\/p>\n\n\n\n<p>Pour cela, l\u2019image occupe un r\u00f4le important dans la repr\u00e9sentation d\u2019un projet. Elle est celle qui fait appel \u00e0 notre m\u00e9moire et provoque une r\u00e9miniscence de nos \u00e9motions.<br><br>Elle fait \u00e9merger du virtuel des souvenirs bien r\u00e9els: d\u2019une atmosph\u00e8re, une sensation ou une exp\u00e9rience.<\/p>\n\n\n\n<p>Pour demander un portfolio complet, veuillez adresser un email \u00e0 :<br><a href=\"mailto:contact@miroirmiroir.studio\">contact@miroirmiroir.studio<\/a><\/p>\n","protected":false},"excerpt":{"rendered":"<p>Comme pour Alice, le miroir est la porte d\u2019entr\u00e9e vers la r\u00e9alisation d\u2019un r\u00eave ou d\u2019une id\u00e9e. Studio fond\u00e9 \u00e0 Paris en 2025, miroir.miroir \u00e9voque une r\u00e9flexion entre deux univers: le virtuel et le r\u00e9el.Un aller-retour entre l\u2019architecte\/le designer et son concept ayant pour but de l\u2019amener d\u2019un espace \u00e0 l\u2019autre, et finalement, le rendre [&hellip;]<\/p>\n","protected":false},"author":1,"featured_media":0,"parent":0,"menu_order":0,"comment_status":"closed","ping_status":"closed","template":"","meta":{"footnotes":""},"class_list":["post-18","page","type-page","status-publish","hentry"],"_links":{"self":[{"href":"https:\/\/miroirmiroir.studio\/index.php\/wp-json\/wp\/v2\/pages\/18","targetHints":{"allow":["GET"]}}],"collection":[{"href":"https:\/\/miroirmiroir.studio\/index.php\/wp-json\/wp\/v2\/pages"}],"about":[{"href":"https:\/\/miroirmiroir.studio\/index.php\/wp-json\/wp\/v2\/types\/page"}],"author":[{"embeddable":true,"href":"https:\/\/miroirmiroir.studio\/index.php\/wp-json\/wp\/v2\/users\/1"}],"replies":[{"embeddable":true,"href":"https:\/\/miroirmiroir.studio\/index.php\/wp-json\/wp\/v2\/comments?post=18"}],"version-history":[{"count":3,"href":"https:\/\/miroirmiroir.studio\/index.php\/wp-json\/wp\/v2\/pages\/18\/revisions"}],"predecessor-version":[{"id":100,"href":"https:\/\/miroirmiroir.studio\/index.php\/wp-json\/wp\/v2\/pages\/18\/revisions\/100"}],"wp:attachment":[{"href":"https:\/\/miroirmiroir.studio\/index.php\/wp-json\/wp\/v2\/media?parent=18"}],"curies":[{"name":"wp","href":"https:\/\/api.w.org\/{rel}","templated":true}]}}